{"id":8,"date":"2018-04-25T09:16:16","date_gmt":"2018-04-25T09:16:16","guid":{"rendered":"https:\/\/demo.themefreesia.com\/photograph\/?page_id=8"},"modified":"2026-01-31T20:03:41","modified_gmt":"2026-01-31T20:03:41","slug":"about-us","status":"publish","type":"page","link":"https:\/\/kobyleckiadam.pl\/?page_id=8","title":{"rendered":"O mnie"},"content":{"rendered":"<h2>Cze\u015b\u0107! Nazywam si\u0119 Adam Koby\u0142ecki i jestem fotografem<\/h2>\n<p>Fotografia to moje hobby i moja pasja od 2006 roku. Zaczyna\u0142em &#8211; jak wi\u0119kszo\u015b\u0107 wtedy &#8211; od prostej lustrzanki analogowej. By\u0142a to Praktica MTL5. To wystarczy\u0142o, by mi\u0142o\u015b\u0107 do fotografii rozkwit\u0142a na d\u0142ugie lata.<\/p>\n<p>Fotografuj\u0119 przede wszystkim natur\u0119 i krajobrazy &#8211; to p\u00f3ki co moja ulubiona dziedzina fotografii. Oczywi\u015bcie nie s\u0105 jedynymi, w kt\u00f3rych pr\u00f3buj\u0119 si\u0119 spe\u0142ni\u0107 &#8211; nie s\u0105 mi obce portrety czy makrofotografia, kt\u00f3rej chcia\u0142bym wreszcie spr\u00f3bowa\u0107 na powa\u017cnie.<\/p>\n<p>Fotografuj\u0119 nie tylko lustrzankami, na przestrzeni tych 20 lat robi\u0142em zdj\u0119cia r\u00f3\u017cnymi kompaktami, cz\u0119sto &#8222;podpinaj\u0105c&#8221; pod nie inne obiektywy. Lubi\u0119 eksperymentowa\u0107 ze sprz\u0119tem, cz\u0119sto daje to ciekawe, niespodziewane efekty.<\/p>\n<p>Obecnie przeszed\u0142em na bezlusterkowce, ale nie zapomnia\u0142em o korzeniach i cz\u0119sto wracam te\u017c do fotografii analogowej. Jest po prostu&#8230; inna.<\/p>\n<p>Zapraszam do zapoznania si\u0119 z moimi pracami w Galerii.<\/p>\n","protected":false},"excerpt":{"rendered":"<p>Cze\u015b\u0107! Nazywam si\u0119 Adam Koby\u0142ecki i jestem fotografem Fotografia to moje hobby i moja pasja od 2006 roku. Zaczyna\u0142em &#8211; jak wi\u0119kszo\u015b\u0107 wtedy &#8211; od&hellip; <\/p>\n","protected":false},"author":1,"featured_media":403,"parent":0,"menu_order":0,"comment_status":"closed","ping_status":"closed","template":"page-templates\/aboutus-template.php","meta":{"_vp_format_video_url":"","_vp_image_focal_point":[],"footnotes":""},"class_list":["post-8","page","type-page","status-publish","has-post-thumbnail","hentry"],"_links":{"self":[{"href":"https:\/\/kobyleckiadam.pl\/index.php?rest_route=\/wp\/v2\/pages\/8","targetHints":{"allow":["GET"]}}],"collection":[{"href":"https:\/\/kobyleckiadam.pl\/index.php?rest_route=\/wp\/v2\/pages"}],"about":[{"href":"https:\/\/kobyleckiadam.pl\/index.php?rest_route=\/wp\/v2\/types\/page"}],"author":[{"embeddable":true,"href":"https:\/\/kobyleckiadam.pl\/index.php?rest_route=\/wp\/v2\/users\/1"}],"replies":[{"embeddable":true,"href":"https:\/\/kobyleckiadam.pl\/index.php?rest_route=%2Fwp%2Fv2%2Fcomments&post=8"}],"version-history":[{"count":3,"href":"https:\/\/kobyleckiadam.pl\/index.php?rest_route=\/wp\/v2\/pages\/8\/revisions"}],"predecessor-version":[{"id":404,"href":"https:\/\/kobyleckiadam.pl\/index.php?rest_route=\/wp\/v2\/pages\/8\/revisions\/404"}],"wp:featuredmedia":[{"embeddable":true,"href":"https:\/\/kobyleckiadam.pl\/index.php?rest_route=\/wp\/v2\/media\/403"}],"wp:attachment":[{"href":"https:\/\/kobyleckiadam.pl\/index.php?rest_route=%2Fwp%2Fv2%2Fmedia&parent=8"}],"curies":[{"name":"wp","href":"https:\/\/api.w.org\/{rel}","templated":true}]}}